{"id":20,"date":"2025-12-18T19:39:12","date_gmt":"2025-12-18T19:39:12","guid":{"rendered":"https:\/\/qr.ouvea.gal\/?page_id=20"},"modified":"2025-12-18T19:43:54","modified_gmt":"2025-12-18T19:43:54","slug":"espazo-privado","status":"publish","type":"page","link":"https:\/\/qr.ouvea.gal\/","title":{"rendered":"Espazo privado"},"content":{"rendered":"\t\t<div data-elementor-type=\"wp-post\" data-elementor-id=\"20\" class=\"elementor elementor-20\">\n\t\t\t\t<div class=\"elementor-element elementor-element-2bc7b8a e-flex e-con-boxed e-con e-parent\" data-id=\"2bc7b8a\" data-element_type=\"container\" data-settings=\"{&quot;background_background&quot;:&quot;classic&quot;}\">\n\t\t\t\t\t<div class=\"e-con-inner\">\n\t\t\t\t<div class=\"elementor-element elementor-element-533ff53 elementor-widget elementor-widget-heading\" data-id=\"533ff53\" data-element_type=\"widget\" data-widget_type=\"heading.default\">\n\t\t\t\t\t<h2 class=\"elementor-heading-title elementor-size-default\">ESPAZO HABILITADO PARA QR<\/h2>\t\t\t\t<\/div>\n\t\t\t\t<div class=\"elementor-element elementor-element-59450f5 elementor-widget elementor-widget-heading\" data-id=\"59450f5\" data-element_type=\"widget\" data-widget_type=\"heading.default\">\n\t\t\t\t\t<h2 class=\"elementor-heading-title elementor-size-default\">Este \u00e9 un espazo xerado exclusivamente para o funcionamento de QRs din\u00e1micos. Se est\u00e1s interesadX en obter QRs redireccionables con impresi\u00f3ns ilimitadas, escribe a info@ouvea.gal<\/h2>\t\t\t\t<\/div>\n\t\t\t\t\t<\/div>\n\t\t\t\t<\/div>\n\t\t\t\t<\/div>\n\t\t","protected":false},"excerpt":{"rendered":"<p>ESPAZO HABILITADO PARA QR Este \u00e9 un espazo xerado exclusivamente para o funcionamento de QRs din\u00e1micos. Se est\u00e1s interesadX en obter QRs redireccionables con impresi\u00f3ns ilimitadas, escribe a info@ouvea.gal<\/p>\n","protected":false},"author":1,"featured_media":0,"parent":0,"menu_order":0,"comment_status":"closed","ping_status":"closed","template":"elementor_canvas","meta":{"footnotes":""},"class_list":["post-20","page","type-page","status-publish","hentry"],"_links":{"self":[{"href":"https:\/\/qr.ouvea.gal\/index.php?rest_route=\/wp\/v2\/pages\/20","targetHints":{"allow":["GET"]}}],"collection":[{"href":"https:\/\/qr.ouvea.gal\/index.php?rest_route=\/wp\/v2\/pages"}],"about":[{"href":"https:\/\/qr.ouvea.gal\/index.php?rest_route=\/wp\/v2\/types\/page"}],"author":[{"embeddable":true,"href":"https:\/\/qr.ouvea.gal\/index.php?rest_route=\/wp\/v2\/users\/1"}],"replies":[{"embeddable":true,"href":"https:\/\/qr.ouvea.gal\/index.php?rest_route=%2Fwp%2Fv2%2Fcomments&post=20"}],"version-history":[{"count":4,"href":"https:\/\/qr.ouvea.gal\/index.php?rest_route=\/wp\/v2\/pages\/20\/revisions"}],"predecessor-version":[{"id":24,"href":"https:\/\/qr.ouvea.gal\/index.php?rest_route=\/wp\/v2\/pages\/20\/revisions\/24"}],"wp:attachment":[{"href":"https:\/\/qr.ouvea.gal\/index.php?rest_route=%2Fwp%2Fv2%2Fmedia&parent=20"}],"curies":[{"name":"wp","href":"https:\/\/api.w.org\/{rel}","templated":true}]}}